{"id":7398,"date":"2024-03-08T09:34:04","date_gmt":"2024-03-08T09:34:04","guid":{"rendered":"https:\/\/www.ctv-transport.com\/dienstleistungen\/"},"modified":"2024-06-28T13:16:32","modified_gmt":"2024-06-28T13:16:32","slug":"dienstleistungen","status":"publish","type":"page","link":"https:\/\/www.ctv-transport.com\/de\/dienstleistungen\/","title":{"rendered":"Dienstleistungen"},"content":{"rendered":"\t\t<div data-elementor-type=\"wp-page\" data-elementor-id=\"7398\" class=\"elementor elementor-7398 elementor-7347\" data-elementor-post-type=\"page\">\n\t\t\t\t\t\t<section class=\"elementor-section elementor-top-section elementor-element elementor-element-73ceab4 elementor-section-height-min-height elementor-section-boxed elementor-section-height-default elementor-section-items-middle\" data-id=\"73ceab4\" data-element_type=\"section\" data-e-type=\"section\" data-settings=\"{&quot;background_background&quot;:&quot;classic&quot;}\">\n\t\t\t\t\t\t\t<div class=\"elementor-background-overlay\"><\/div>\n\t\t\t\t\t\t\t<div class=\"elementor-container elementor-column-gap-default\">\n\t\t\t\t\t<div class=\"elementor-column elementor-col-100 elementor-top-column elementor-element elementor-element-b36402a\" data-id=\"b36402a\" data-element_type=\"column\" data-e-type=\"column\">\n\t\t\t<div class=\"elementor-widget-wrap elementor-element-populated\">\n\t\t\t\t\t\t<div class=\"elementor-element elementor-element-d308f42 elementor-widget elementor-widget-heading\" data-id=\"d308f42\" data-element_type=\"widget\" data-e-type=\"widget\" data-widget_type=\"heading.default\">\n\t\t\t\t<div class=\"elementor-widget-container\">\n\t\t\t\t\t<h2 class=\"elementor-heading-title elementor-size-default\">Unsere Dienstleistungen<\/h2>\t\t\t\t<\/div>\n\t\t\t\t<\/div>\n\t\t\t\t<div class=\"elementor-element elementor-element-50a6786 elementor-widget elementor-widget-heading\" data-id=\"50a6786\" data-element_type=\"widget\" data-e-type=\"widget\" data-widget_type=\"heading.default\">\n\t\t\t\t<div class=\"elementor-widget-container\">\n\t\t\t\t\t<h2 class=\"elementor-heading-title elementor-size-default\">Startseite &gt; Unsere Dienstleistungen<\/h2>\t\t\t\t<\/div>\n\t\t\t\t<\/div>\n\t\t\t\t\t<\/div>\n\t\t<\/div>\n\t\t\t\t\t<\/div>\n\t\t<\/section>\n\t\t\t\t<section class=\"elementor-section elementor-top-section elementor-element elementor-element-478a844 elementor-section-full_width elementor-section-height-default elementor-section-height-default\" data-id=\"478a844\" data-element_type=\"section\" data-e-type=\"section\" data-settings=\"{&quot;background_background&quot;:&quot;classic&quot;}\">\n\t\t\t\t\t\t<div class=\"elementor-container elementor-column-gap-default\">\n\t\t\t\t\t<div class=\"elementor-column elementor-col-100 elementor-top-column elementor-element elementor-element-7a5f559\" data-id=\"7a5f559\" data-element_type=\"column\" data-e-type=\"column\">\n\t\t\t<div class=\"elementor-widget-wrap elementor-element-populated\">\n\t\t\t\t\t\t<div class=\"elementor-element elementor-element-4c829f0 elementor-widget elementor-widget-fastrans_our_services\" data-id=\"4c829f0\" data-element_type=\"widget\" data-e-type=\"widget\" data-widget_type=\"fastrans_our_services.default\">\n\t\t\t\t<div class=\"elementor-widget-container\">\n\t\t\t\t\t\t\t\n        <!-- Start of Service section\n        ============================================= -->\n        <section id=\"ft-service-3\" class=\"ft-service-section-3\">\n            <div class=\"container\">\n                                <div class=\"ft-section-title-3 headline text-center\">\n                    <span class=\"text-uppercase\">Was wir tun<\/span>                    <h2>Unsere Dienstleistungen <\/h2>                <\/div>\n                                <div class=\"ft-service-content-3\">\n                    <div class=\"ft-service-content-items-3\">\n                        <div class=\"row justify-content-center\">\n                                                        <div class=\"col-lg-4 col-md-6\">\n                                <div class=\"ft-service-innerbox-3 position-relative\">\n                                                                        <div class=\"ft-service-img position-relative\">\n                                        <img fetchpriority=\"high\" decoding=\"async\" width=\"370\" height=\"290\" src=\"https:\/\/www.ctv-transport.com\/wp-content\/uploads\/2022\/04\/ctv-multimodaal-container-vervoer-370x290.jpg\" class=\"attachment-fastrans_370x290 size-fastrans_370x290 wp-post-image\" alt=\"\" \/>                                    <\/div>\n                                                                        <div class=\"ft-service-text-icon position-relative\">\n                                        <div class=\"ft-service-icon d-flex align-items-center justify-content-center position-absolute\">\n                                            <i class=\"flaticon-worldwide\"><\/i>\n                                        <\/div>\n                                        <div class=\"ft-service-text position-relative headline pera-content\">\n                                            <h3><a href=\"https:\/\/www.ctv-transport.com\/de\/intermodaler-transport\/\">Intermodaler Transport<\/a><\/h3>\n                                            <p>CTV ist auf die Durchf\u00fchrung intermodaler Transporte spezialisiert. Nach jeder Bestellung suchen&#8230;<\/p>\n                                        <\/div>\n                                    <\/div>\n                                    <div class=\"more-btn position-absolute\">\n                                        <a class=\"d-flex align-items-center justify-content-center text-uppercase\" href=\"https:\/\/www.ctv-transport.com\/de\/intermodaler-transport\/\">Weiterlesen <i class=\"far fa-arrow-right\"><\/i><\/a>\n                                    <\/div>\n                                <\/div>\n                            <\/div>\n                                                        <div class=\"col-lg-4 col-md-6\">\n                                <div class=\"ft-service-innerbox-3 position-relative\">\n                                                                        <div class=\"ft-service-img position-relative\">\n                                        <img decoding=\"async\" width=\"370\" height=\"290\" src=\"https:\/\/www.ctv-transport.com\/wp-content\/uploads\/2022\/04\/intermodaal-transport-door-heel-europa-370x290.jpg\" class=\"attachment-fastrans_370x290 size-fastrans_370x290 wp-post-image\" alt=\"\" \/>                                    <\/div>\n                                                                        <div class=\"ft-service-text-icon position-relative\">\n                                        <div class=\"ft-service-icon d-flex align-items-center justify-content-center position-absolute\">\n                                            <i class=\"flaticon-train\"><\/i>\n                                        <\/div>\n                                        <div class=\"ft-service-text position-relative headline pera-content\">\n                                            <h3><a href=\"https:\/\/www.ctv-transport.com\/de\/china-zug\/\">China-Zug<\/a><\/h3>\n                                            <p>Unsere Filialen befinden sich an mehreren gro\u00dfen Terminals, wo t\u00e4glich mehrere Z\u00fcge bedient werden&#8230;<\/p>\n                                        <\/div>\n                                    <\/div>\n                                    <div class=\"more-btn position-absolute\">\n                                        <a class=\"d-flex align-items-center justify-content-center text-uppercase\" href=\"https:\/\/www.ctv-transport.com\/de\/china-zug\/\">Weiterlesen <i class=\"far fa-arrow-right\"><\/i><\/a>\n                                    <\/div>\n                                <\/div>\n                            <\/div>\n                                                        <div class=\"col-lg-4 col-md-6\">\n                                <div class=\"ft-service-innerbox-3 position-relative\">\n                                                                        <div class=\"ft-service-img position-relative\">\n                                        <img decoding=\"async\" width=\"370\" height=\"290\" src=\"https:\/\/www.ctv-transport.com\/wp-content\/uploads\/2021\/10\/C0023.00_00_03_05.Still001-4-370x290.jpg\" class=\"attachment-fastrans_370x290 size-fastrans_370x290 wp-post-image\" alt=\"\" \/>                                    <\/div>\n                                                                        <div class=\"ft-service-text-icon position-relative\">\n                                        <div class=\"ft-service-icon d-flex align-items-center justify-content-center position-absolute\">\n                                            <i class=\"flaticon-free-shipping\"><\/i>\n                                        <\/div>\n                                        <div class=\"ft-service-text position-relative headline pera-content\">\n                                            <h3><a href=\"https:\/\/www.ctv-transport.com\/de\/direkter-lkw\/\">Direkter LKW<\/a><\/h3>\n                                            <p>Sollten Sie den direkten LKW-Transport bevorzugen, stehen wir Ihnen selbstverst\u00e4ndlich auch gerne zur Verf\u00fcgung!<\/p>\n                                        <\/div>\n                                    <\/div>\n                                    <div class=\"more-btn position-absolute\">\n                                        <a class=\"d-flex align-items-center justify-content-center text-uppercase\" href=\"https:\/\/www.ctv-transport.com\/de\/direkter-lkw\/\">Weiterlesen <i class=\"far fa-arrow-right\"><\/i><\/a>\n                                    <\/div>\n                                <\/div>\n                            <\/div>\n                                                    <\/div>\n                    <\/div>\n                                    <\/div>\n            <\/div>\n        <\/section>\n    \t<!-- End of Service section\n        ============================================= -->\n                    \n        \t\t\t\t<\/div>\n\t\t\t\t<\/div>\n\t\t\t\t\t<\/div>\n\t\t<\/div>\n\t\t\t\t\t<\/div>\n\t\t<\/section>\n\t\t\t\t<section class=\"elementor-section elementor-top-section elementor-element elementor-element-179713e elementor-section-full_width elementor-section-height-min-height elementor-section-height-default elementor-section-items-middle\" data-id=\"179713e\" data-element_type=\"section\" data-e-type=\"section\">\n\t\t\t\t\t\t<div class=\"elementor-container elementor-column-gap-default\">\n\t\t\t\t\t<div class=\"elementor-column elementor-col-100 elementor-top-column elementor-element elementor-element-dab1161\" data-id=\"dab1161\" data-element_type=\"column\" data-e-type=\"column\">\n\t\t\t<div class=\"elementor-widget-wrap elementor-element-populated\">\n\t\t\t\t\t\t<div class=\"elementor-element elementor-element-47f4287 elementor-widget elementor-widget-heading\" data-id=\"47f4287\" data-element_type=\"widget\" data-e-type=\"widget\" data-widget_type=\"heading.default\">\n\t\t\t\t<div class=\"elementor-widget-container\">\n\t\t\t\t\t<h2 class=\"elementor-heading-title elementor-size-default\">Worin wir gut sind<\/h2>\t\t\t\t<\/div>\n\t\t\t\t<\/div>\n\t\t\t\t<div class=\"elementor-element elementor-element-f053c6f elementor-widget elementor-widget-heading\" data-id=\"f053c6f\" data-element_type=\"widget\" data-e-type=\"widget\" data-widget_type=\"heading.default\">\n\t\t\t\t<div class=\"elementor-widget-container\">\n\t\t\t\t\t<h2 class=\"elementor-heading-title elementor-size-default\">Was uns auszeichnet<\/h2>\t\t\t\t<\/div>\n\t\t\t\t<\/div>\n\t\t\t\t\t<\/div>\n\t\t<\/div>\n\t\t\t\t\t<\/div>\n\t\t<\/section>\n\t\t\t\t<section class=\"elementor-section elementor-top-section elementor-element elementor-element-335ead7 elementor-section-boxed elementor-section-height-default elementor-section-height-default\" data-id=\"335ead7\" data-element_type=\"section\" data-e-type=\"section\">\n\t\t\t\t\t\t<div class=\"elementor-container elementor-column-gap-wider\">\n\t\t\t\t\t<div class=\"elementor-column elementor-col-50 elementor-top-column elementor-element elementor-element-26651a4\" data-id=\"26651a4\" data-element_type=\"column\" data-e-type=\"column\" data-settings=\"{&quot;background_background&quot;:&quot;classic&quot;}\">\n\t\t\t<div class=\"elementor-widget-wrap elementor-element-populated\">\n\t\t\t\t\t\t<div class=\"elementor-element elementor-element-d783a7b elementor-view-stacked elementor-shape-circle elementor-position-block-start elementor-mobile-position-block-start elementor-widget elementor-widget-icon-box\" data-id=\"d783a7b\" data-element_type=\"widget\" data-e-type=\"widget\" data-widget_type=\"icon-box.default\">\n\t\t\t\t<div class=\"elementor-widget-container\">\n\t\t\t\t\t\t\t<div class=\"elementor-icon-box-wrapper\">\n\n\t\t\t\t\t\t<div class=\"elementor-icon-box-icon\">\n\t\t\t\t<span  class=\"elementor-icon\">\n\t\t\t\t<i aria-hidden=\"true\" class=\"flaticonv7 flaticonv7-worldwide\"><\/i>\t\t\t\t<\/span>\n\t\t\t<\/div>\n\t\t\t\n\t\t\t\t\t\t<div class=\"elementor-icon-box-content\">\n\n\t\t\t\t\t\t\t\t\t<h3 class=\"elementor-icon-box-title\">\n\t\t\t\t\t\t<span  >\n\t\t\t\t\t\t\tNachhaltigkeit\t\t\t\t\t\t<\/span>\n\t\t\t\t\t<\/h3>\n\t\t\t\t\n\t\t\t\t\t\t\t\t\t<p class=\"elementor-icon-box-description\">\n\t\t\t\t\t\tCTV arbeitet seit Jahren an Nachhaltigkeit, indem es versucht, den CO2-Fu\u00dfabdruck mit intermodalen Transportl\u00f6sungen zu reduzieren. Unser Ziel ist es, den gr\u00f6\u00dften Teil der Transporte per Bahn oder Binnenschiff durchzuf\u00fchren. Nur die letzten Kilometer bis zum Lager werden per LKW zur\u00fcckgelegt.  <br><br>\n\nUm die CO2-Emissionen auch auf den letzten Kilometern weiter zu reduzieren, haben wir 2020 den ersten E-LKW f\u00fcr den Containertransport in Empfang genommen! Dieser E-Lkw ist zu 100 % elektrisch und kann mit einer Reichweite von 150 km die letzte Meile vollst\u00e4ndig nachhaltig zur\u00fccklegen. Mit dem E-Lkw in Kombination mit unserem intermodalen Konzept bieten wir Ihnen die nachhaltigste Transportm\u00f6glichkeit!\n\t\t\t\t\t<\/p>\n\t\t\t\t\n\t\t\t<\/div>\n\t\t\t\n\t\t<\/div>\n\t\t\t\t\t\t<\/div>\n\t\t\t\t<\/div>\n\t\t\t\t\t<\/div>\n\t\t<\/div>\n\t\t\t\t<div class=\"elementor-column elementor-col-50 elementor-top-column elementor-element elementor-element-de8a242\" data-id=\"de8a242\" data-element_type=\"column\" data-e-type=\"column\" data-settings=\"{&quot;background_background&quot;:&quot;classic&quot;}\">\n\t\t\t<div class=\"elementor-widget-wrap elementor-element-populated\">\n\t\t\t\t\t\t<div class=\"elementor-element elementor-element-6de09d0 elementor-view-stacked elementor-shape-circle elementor-position-block-start elementor-mobile-position-block-start elementor-widget elementor-widget-icon-box\" data-id=\"6de09d0\" data-element_type=\"widget\" data-e-type=\"widget\" data-widget_type=\"icon-box.default\">\n\t\t\t\t<div class=\"elementor-widget-container\">\n\t\t\t\t\t\t\t<div class=\"elementor-icon-box-wrapper\">\n\n\t\t\t\t\t\t<div class=\"elementor-icon-box-icon\">\n\t\t\t\t<span  class=\"elementor-icon\">\n\t\t\t\t<i aria-hidden=\"true\" class=\"flaticonv7 flaticonv7-cloud\"><\/i>\t\t\t\t<\/span>\n\t\t\t<\/div>\n\t\t\t\n\t\t\t\t\t\t<div class=\"elementor-icon-box-content\">\n\n\t\t\t\t\t\t\t\t\t<h3 class=\"elementor-icon-box-title\">\n\t\t\t\t\t\t<span  >\n\t\t\t\t\t\t\tIT-fokussiert\t\t\t\t\t\t<\/span>\n\t\t\t\t\t<\/h3>\n\t\t\t\t\n\t\t\t\t\t\t\t\t\t<p class=\"elementor-icon-box-description\">\n\t\t\t\t\t\tIm Jahr 2020 begann CTV mit der Entwicklung eigener IT-Systeme, die vollst\u00e4ndig auf unsere Dienstleistungen abgestimmt sind. Die Entwicklung von Systemen im eigenen Haus hat uns die M\u00f6glichkeit gegeben, unsere \u201eout of the box\u201c-Ideen zu verwirklichen. So haben wir beispielsweise einen Control Tower entwickelt, mit dem Sie die Container auf der gesamten intermodalen Route \u00fcberwachen k\u00f6nnen.   <br><br>Alle unsere Fahrzeuge sind mit GPS ausgestattet, sodass wir Ihnen auch in Echtzeit Einblick in den Standort des Containers geben k\u00f6nnen. Dar\u00fcber hinaus kann der Control Tower Sie proaktiv vor dem Risiko m\u00f6glicher Zusatzkosten wie Detention-, Demurrage- und Storagekosten warnen. So haben Sie die volle Kontrolle und k\u00f6nnen Kosten vermeiden.  \t\t\t\t\t<\/p>\n\t\t\t\t\n\t\t\t<\/div>\n\t\t\t\n\t\t<\/div>\n\t\t\t\t\t\t<\/div>\n\t\t\t\t<\/div>\n\t\t\t\t\t<\/div>\n\t\t<\/div>\n\t\t\t\t\t<\/div>\n\t\t<\/section>\n\t\t\t\t<section class=\"elementor-section elementor-top-section elementor-element elementor-element-f393535 elementor-section-full_width elementor-section-height-default elementor-section-height-default\" data-id=\"f393535\" data-element_type=\"section\" data-e-type=\"section\">\n\t\t\t\t\t\t<div class=\"elementor-container elementor-column-gap-default\">\n\t\t\t\t\t<div class=\"elementor-column elementor-col-100 elementor-top-column elementor-element elementor-element-34bf0e7\" data-id=\"34bf0e7\" data-element_type=\"column\" data-e-type=\"column\">\n\t\t\t<div class=\"elementor-widget-wrap elementor-element-populated\">\n\t\t\t\t\t\t<div class=\"elementor-element elementor-element-3eb887f elementor-widget elementor-widget-fastrans_funfacts\" data-id=\"3eb887f\" data-element_type=\"widget\" data-e-type=\"widget\" data-widget_type=\"fastrans_funfacts.default\">\n\t\t\t\t<div class=\"elementor-widget-container\">\n\t\t\t\t\t\t\n    \t<!-- Start of Fun fact section\n\t============================================= -->\n\t<section id=\"ft-funfact-2\" class=\"ft-funfact-section-2\" data-background=\"https:\/\/www.ctv-transport.com\/wp-content\/uploads\/2021\/10\/shape-bg.jpg\">\n\t\t<div class=\"container\">\n\t\t\t            <div class=\"ft-section-title-3 headline text-center\">\n\t\t\t\t<span class=\"text-uppercase\">Zahlen l\u00fcgen nicht <\/span>                <h2>Schau dir die Zahlen an <\/h2>\t\t\t<\/div>\n            \t\t\t<div class=\"ft-funfact-content-2 position-relative\">\n\t\t\t\t<span class=\"map-bg position-absolute text-center\"><img decoding=\"async\" src=\"https:\/\/www.ctv-transport.com\/wp-content\/uploads\/2021\/10\/map.png\" alt=\"Awesome Image\"><\/span>\t\t\t\t<div class=\"ft-funfact-inner-items-wrapper position-relative\">\n\t\t\t\t\t<div class=\"row\">\n\t\t\t\t\t\t                        <div class=\"col-lg-3 col-md-6 col-sm-6\">\n\t\t\t\t\t\t\t<div class=\"ft-funfact-inner-items text-center\">\n\t\t\t\t\t\t\t\t<div class=\"ft-funfact-inner-icon d-flex align-items-center justify-content-center position-relative\">\n\t\t\t\t\t\t\t\t\t<i class=\"fa fa-truck\"><\/i>\n\t\t\t\t\t\t\t\t<\/div>\n\t\t\t\t\t\t\t\t<div class=\"ft-funfact-inner-text headline pera-content\">\n\t\t\t\t\t\t\t\t\t<h3><span class=\"counter\">250<\/span>+<\/h3>\n\t\t\t\t\t\t\t\t\t<p>LKWs <\/p>\n\t\t\t\t\t\t\t\t<\/div>\n\t\t\t\t\t\t\t<\/div>\n\t\t\t\t\t\t<\/div>\n                                                <div class=\"col-lg-3 col-md-6 col-sm-6\">\n\t\t\t\t\t\t\t<div class=\"ft-funfact-inner-items text-center\">\n\t\t\t\t\t\t\t\t<div class=\"ft-funfact-inner-icon d-flex align-items-center justify-content-center position-relative\">\n\t\t\t\t\t\t\t\t\t<i class=\"fa fa-trailer\"><\/i>\n\t\t\t\t\t\t\t\t<\/div>\n\t\t\t\t\t\t\t\t<div class=\"ft-funfact-inner-text headline pera-content\">\n\t\t\t\t\t\t\t\t\t<h3><span class=\"counter\">440<\/span>+<\/h3>\n\t\t\t\t\t\t\t\t\t<p>Chassis <\/p>\n\t\t\t\t\t\t\t\t<\/div>\n\t\t\t\t\t\t\t<\/div>\n\t\t\t\t\t\t<\/div>\n                                                <div class=\"col-lg-3 col-md-6 col-sm-6\">\n\t\t\t\t\t\t\t<div class=\"ft-funfact-inner-items text-center\">\n\t\t\t\t\t\t\t\t<div class=\"ft-funfact-inner-icon d-flex align-items-center justify-content-center position-relative\">\n\t\t\t\t\t\t\t\t\t<i class=\"fa fa-trophy\"><\/i>\n\t\t\t\t\t\t\t\t<\/div>\n\t\t\t\t\t\t\t\t<div class=\"ft-funfact-inner-text headline pera-content\">\n\t\t\t\t\t\t\t\t\t<h3><span class=\"counter\">100.000<\/span>+<\/h3>\n\t\t\t\t\t\t\t\t\t<p>Containers pro Jahr<\/p>\n\t\t\t\t\t\t\t\t<\/div>\n\t\t\t\t\t\t\t<\/div>\n\t\t\t\t\t\t<\/div>\n                                                <div class=\"col-lg-3 col-md-6 col-sm-6\">\n\t\t\t\t\t\t\t<div class=\"ft-funfact-inner-items text-center\">\n\t\t\t\t\t\t\t\t<div class=\"ft-funfact-inner-icon d-flex align-items-center justify-content-center position-relative\">\n\t\t\t\t\t\t\t\t\t<i class=\"fa fa-clock\"><\/i>\n\t\t\t\t\t\t\t\t<\/div>\n\t\t\t\t\t\t\t\t<div class=\"ft-funfact-inner-text headline pera-content\">\n\t\t\t\t\t\t\t\t\t<h3><span class=\"counter\">30<\/span>+<\/h3>\n\t\t\t\t\t\t\t\t\t<p>Langj\u00e4hrige Erfahrung <\/p>\n\t\t\t\t\t\t\t\t<\/div>\n\t\t\t\t\t\t\t<\/div>\n\t\t\t\t\t\t<\/div>\n                        \t\t\t\t\t<\/div>\n\t\t\t\t<\/div>\n                \t\t\t<\/div>\n\t\t<\/div>\n\t<\/section>\t\n\t<!-- End of Fun fact section\n\t============================================= -->\n    \t\t\n    \t\t\t\t<\/div>\n\t\t\t\t<\/div>\n\t\t\t\t\t<\/div>\n\t\t<\/div>\n\t\t\t\t\t<\/div>\n\t\t<\/section>\n\t\t\t\t<\/div>\n\t\t","protected":false},"excerpt":{"rendered":"<p>Unsere Dienstleistungen Startseite &gt; Unsere Dienstleistungen Was wir tun Unsere Dienstleistungen Intermodaal transport CTV is gespecialiseerd in het uitvoeren van intermodaal transport. Voor iedere opdracht zoeken&#8230; Lees meer China trein Onze vestigingen zijn gelegen aan enkele grote terminals waar dagelijks meerdere treinen&#8230; Lees meer Direct truck Geeft u toch de voorkeur aan direct truck vervoer, [&hellip;]<\/p>\n","protected":false},"author":4,"featured_media":0,"parent":0,"menu_order":0,"comment_status":"closed","ping_status":"closed","template":"tpl-default-elementor.php","meta":{"footnotes":""},"class_list":["post-7398","page","type-page","status-publish","hentry"],"_links":{"self":[{"href":"https:\/\/www.ctv-transport.com\/de\/wp-json\/wp\/v2\/pages\/7398","targetHints":{"allow":["GET"]}}],"collection":[{"href":"https:\/\/www.ctv-transport.com\/de\/wp-json\/wp\/v2\/pages"}],"about":[{"href":"https:\/\/www.ctv-transport.com\/de\/wp-json\/wp\/v2\/types\/page"}],"author":[{"embeddable":true,"href":"https:\/\/www.ctv-transport.com\/de\/wp-json\/wp\/v2\/users\/4"}],"replies":[{"embeddable":true,"href":"https:\/\/www.ctv-transport.com\/de\/wp-json\/wp\/v2\/comments?post=7398"}],"version-history":[{"count":8,"href":"https:\/\/www.ctv-transport.com\/de\/wp-json\/wp\/v2\/pages\/7398\/revisions"}],"predecessor-version":[{"id":8380,"href":"https:\/\/www.ctv-transport.com\/de\/wp-json\/wp\/v2\/pages\/7398\/revisions\/8380"}],"wp:attachment":[{"href":"https:\/\/www.ctv-transport.com\/de\/wp-json\/wp\/v2\/media?parent=7398"}],"curies":[{"name":"wp","href":"https:\/\/api.w.org\/{rel}","templated":true}]}}