{"id":8297,"date":"2024-06-28T11:39:16","date_gmt":"2024-06-28T11:39:16","guid":{"rendered":"https:\/\/www.ctv-transport.com\/haftungsausschluss\/"},"modified":"2025-09-01T09:47:44","modified_gmt":"2025-09-01T07:47:44","slug":"haftungsausschluss","status":"publish","type":"page","link":"https:\/\/www.ctv-transport.com\/ch\/haftungsausschluss\/","title":{"rendered":"Haftungsausschluss"},"content":{"rendered":"\t\t<div data-elementor-type=\"wp-page\" data-elementor-id=\"8297\" class=\"elementor elementor-8297 elementor-2772\" data-elementor-post-type=\"page\">\n\t\t\t\t\t\t<section class=\"elementor-section elementor-top-section elementor-element elementor-element-79f7b49 elementor-section-height-min-height elementor-section-boxed elementor-section-height-default elementor-section-items-middle\" data-id=\"79f7b49\" data-element_type=\"section\" data-e-type=\"section\" data-settings=\"{&quot;background_background&quot;:&quot;classic&quot;}\">\n\t\t\t\t\t\t\t<div class=\"elementor-background-overlay\"><\/div>\n\t\t\t\t\t\t\t<div class=\"elementor-container elementor-column-gap-default\">\n\t\t\t\t\t<div class=\"elementor-column elementor-col-100 elementor-top-column elementor-element elementor-element-e555daf\" data-id=\"e555daf\" data-element_type=\"column\" data-e-type=\"column\">\n\t\t\t<div class=\"elementor-widget-wrap elementor-element-populated\">\n\t\t\t\t\t\t<div class=\"elementor-element elementor-element-bc64ae4 elementor-widget elementor-widget-heading\" data-id=\"bc64ae4\" data-element_type=\"widget\" data-e-type=\"widget\" data-widget_type=\"heading.default\">\n\t\t\t\t<div class=\"elementor-widget-container\">\n\t\t\t\t\t<h2 class=\"elementor-heading-title elementor-size-default\">Haftungsausschluss<\/h2>\t\t\t\t<\/div>\n\t\t\t\t<\/div>\n\t\t\t\t<div class=\"elementor-element elementor-element-6c4ede6 elementor-widget elementor-widget-heading\" data-id=\"6c4ede6\" data-element_type=\"widget\" data-e-type=\"widget\" data-widget_type=\"heading.default\">\n\t\t\t\t<div class=\"elementor-widget-container\">\n\t\t\t\t\t<h2 class=\"elementor-heading-title elementor-size-default\">Startseite &gt; Haftungsausschluss<\/h2>\t\t\t\t<\/div>\n\t\t\t\t<\/div>\n\t\t\t\t\t<\/div>\n\t\t<\/div>\n\t\t\t\t\t<\/div>\n\t\t<\/section>\n\t\t\t\t<section class=\"elementor-section elementor-top-section elementor-element elementor-element-4ee9a8b elementor-section-boxed elementor-section-height-default elementor-section-height-default\" data-id=\"4ee9a8b\" data-element_type=\"section\" data-e-type=\"section\">\n\t\t\t\t\t\t<div class=\"elementor-container elementor-column-gap-default\">\n\t\t\t\t\t<div class=\"elementor-column elementor-col-100 elementor-top-column elementor-element elementor-element-11d82e7\" data-id=\"11d82e7\" data-element_type=\"column\" data-e-type=\"column\">\n\t\t\t<div class=\"elementor-widget-wrap elementor-element-populated\">\n\t\t\t\t\t\t<div class=\"elementor-element elementor-element-09f42cd elementor-widget elementor-widget-heading\" data-id=\"09f42cd\" data-element_type=\"widget\" data-e-type=\"widget\" data-widget_type=\"heading.default\">\n\t\t\t\t<div class=\"elementor-widget-container\">\n\t\t\t\t\t<h2 class=\"elementor-heading-title elementor-size-default\">Haftungsausschluss<\/h2>\t\t\t\t<\/div>\n\t\t\t\t<\/div>\n\t\t\t\t<div class=\"elementor-element elementor-element-a716113 elementor-widget elementor-widget-text-editor\" data-id=\"a716113\" data-element_type=\"widget\" data-e-type=\"widget\" data-widget_type=\"text-editor.default\">\n\t\t\t\t<div class=\"elementor-widget-container\">\n\t\t\t\t\t\t\t\t\t<p>Obwohl diese Website mit gr\u00f6\u00dftm\u00f6glicher Sorgfalt zusammengestellt wurde, \u00fcbernimmt die CTV Group B.V. keine Haftung f\u00fcr direkte oder indirekte Sch\u00e4den, die durch die Nutzung der auf dieser Website angebotenen Informationen oder der auf verwiesene Websites entstehen k\u00f6nnen. Aus dem Inhalt dieser Website k\u00f6nnen keinerlei Rechte abgeleitet oder Anspr\u00fcche geltend gemacht werden. Bevor Sie aufgrund der bereitgestellten Informationen handeln, sollten Sie diese beim Anbieter \u00fcberpr\u00fcfen und nach den geltenden Gesch\u00e4ftsbedingungen fragen.<\/p>\t\t\t\t\t\t\t\t<\/div>\n\t\t\t\t<\/div>\n\t\t\t\t<div class=\"elementor-element elementor-element-e39ea8f elementor-widget elementor-widget-heading\" data-id=\"e39ea8f\" data-element_type=\"widget\" data-e-type=\"widget\" data-widget_type=\"heading.default\">\n\t\t\t\t<div class=\"elementor-widget-container\">\n\t\t\t\t\t<h2 class=\"elementor-heading-title elementor-size-default\">Urheberrecht<\/h2>\t\t\t\t<\/div>\n\t\t\t\t<\/div>\n\t\t\t\t<div class=\"elementor-element elementor-element-1b6e7e1 elementor-widget elementor-widget-text-editor\" data-id=\"1b6e7e1\" data-element_type=\"widget\" data-e-type=\"widget\" data-widget_type=\"text-editor.default\">\n\t\t\t\t<div class=\"elementor-widget-container\">\n\t\t\t\t\t\t\t\t\t<p>Alle Rechte vorbehalten. Kein Teil dieser Website darf in irgendeiner Form oder auf irgendeine Weise elektronisch, digital, mechanisch, manuell, fotografisch oder auf andere Weise kopiert oder in einer Datenbank gespeichert werden. F\u00fcr eine rechtliche Abwicklung ist hierf\u00fcr die vorherige schriftliche Zustimmung der CTV Group B.V. erforderlich.<\/p>\t\t\t\t\t\t\t\t<\/div>\n\t\t\t\t<\/div>\n\t\t\t\t\t<\/div>\n\t\t<\/div>\n\t\t\t\t\t<\/div>\n\t\t<\/section>\n\t\t\t\t<\/div>\n\t\t","protected":false},"excerpt":{"rendered":"<p>Haftungsausschluss Startseite &gt; Haftungsausschluss Haftungsausschluss Obwohl diese Website mit gr\u00f6\u00dftm\u00f6glicher Sorgfalt zusammengestellt wurde, \u00fcbernimmt die CTV Group B.V. keine Haftung f\u00fcr direkte oder indirekte Sch\u00e4den, die durch die Nutzung der auf dieser Website angebotenen Informationen oder der auf verwiesene Websites entstehen k\u00f6nnen. Aus dem Inhalt dieser Website k\u00f6nnen keinerlei Rechte abgeleitet oder Anspr\u00fcche geltend gemacht [&hellip;]<\/p>\n","protected":false},"author":6,"featured_media":0,"parent":0,"menu_order":0,"comment_status":"closed","ping_status":"closed","template":"tpl-default-elementor.php","meta":{"footnotes":""},"class_list":["post-8297","page","type-page","status-publish","hentry"],"_links":{"self":[{"href":"https:\/\/www.ctv-transport.com\/ch\/wp-json\/wp\/v2\/pages\/8297","targetHints":{"allow":["GET"]}}],"collection":[{"href":"https:\/\/www.ctv-transport.com\/ch\/wp-json\/wp\/v2\/pages"}],"about":[{"href":"https:\/\/www.ctv-transport.com\/ch\/wp-json\/wp\/v2\/types\/page"}],"author":[{"embeddable":true,"href":"https:\/\/www.ctv-transport.com\/ch\/wp-json\/wp\/v2\/users\/6"}],"replies":[{"embeddable":true,"href":"https:\/\/www.ctv-transport.com\/ch\/wp-json\/wp\/v2\/comments?post=8297"}],"version-history":[{"count":2,"href":"https:\/\/www.ctv-transport.com\/ch\/wp-json\/wp\/v2\/pages\/8297\/revisions"}],"predecessor-version":[{"id":9546,"href":"https:\/\/www.ctv-transport.com\/ch\/wp-json\/wp\/v2\/pages\/8297\/revisions\/9546"}],"wp:attachment":[{"href":"https:\/\/www.ctv-transport.com\/ch\/wp-json\/wp\/v2\/media?parent=8297"}],"curies":[{"name":"wp","href":"https:\/\/api.w.org\/{rel}","templated":true}]}}