{"id":8242,"date":"2024-06-28T10:12:40","date_gmt":"2024-06-28T10:12:40","guid":{"rendered":"https:\/\/www.ctv-transport.com\/ueber-uns\/"},"modified":"2025-09-26T14:47:53","modified_gmt":"2025-09-26T12:47:53","slug":"ueber-uns","status":"publish","type":"page","link":"https:\/\/www.ctv-transport.com\/ch\/ueber-uns\/","title":{"rendered":"\u00dcber uns"},"content":{"rendered":"\t\t<div data-elementor-type=\"wp-page\" data-elementor-id=\"8242\" class=\"elementor elementor-8242 elementor-430\" data-elementor-post-type=\"page\">\n\t\t\t\t\t\t<section class=\"elementor-section elementor-top-section elementor-element elementor-element-73ceab4 elementor-section-height-min-height elementor-section-boxed elementor-section-height-default elementor-section-items-middle\" data-id=\"73ceab4\" data-element_type=\"section\" data-e-type=\"section\" data-settings=\"{&quot;background_background&quot;:&quot;classic&quot;}\">\n\t\t\t\t\t\t\t<div class=\"elementor-background-overlay\"><\/div>\n\t\t\t\t\t\t\t<div class=\"elementor-container elementor-column-gap-default\">\n\t\t\t\t\t<div class=\"elementor-column elementor-col-100 elementor-top-column elementor-element elementor-element-b36402a\" data-id=\"b36402a\" data-element_type=\"column\" data-e-type=\"column\">\n\t\t\t<div class=\"elementor-widget-wrap elementor-element-populated\">\n\t\t\t\t\t\t<div class=\"elementor-element elementor-element-d308f42 elementor-widget elementor-widget-heading\" data-id=\"d308f42\" data-element_type=\"widget\" data-e-type=\"widget\" data-widget_type=\"heading.default\">\n\t\t\t\t<div class=\"elementor-widget-container\">\n\t\t\t\t\t<h2 class=\"elementor-heading-title elementor-size-default\">\u00dcber uns<\/h2>\t\t\t\t<\/div>\n\t\t\t\t<\/div>\n\t\t\t\t<div class=\"elementor-element elementor-element-50a6786 elementor-widget elementor-widget-heading\" data-id=\"50a6786\" data-element_type=\"widget\" data-e-type=\"widget\" data-widget_type=\"heading.default\">\n\t\t\t\t<div class=\"elementor-widget-container\">\n\t\t\t\t\t<h2 class=\"elementor-heading-title elementor-size-default\">Startseite &gt; \u00dcber uns<\/h2>\t\t\t\t<\/div>\n\t\t\t\t<\/div>\n\t\t\t\t\t<\/div>\n\t\t<\/div>\n\t\t\t\t\t<\/div>\n\t\t<\/section>\n\t\t\t\t<section class=\"elementor-section elementor-top-section elementor-element elementor-element-176f22d elementor-section-height-min-height elementor-section-boxed elementor-section-height-default elementor-section-items-middle\" data-id=\"176f22d\" data-element_type=\"section\" data-e-type=\"section\">\n\t\t\t\t\t\t<div class=\"elementor-container elementor-column-gap-extended\">\n\t\t\t\t\t<div class=\"elementor-column elementor-col-50 elementor-top-column elementor-element elementor-element-ac8b56a\" data-id=\"ac8b56a\" data-element_type=\"column\" data-e-type=\"column\">\n\t\t\t<div class=\"elementor-widget-wrap elementor-element-populated\">\n\t\t\t\t\t\t<div class=\"elementor-element elementor-element-339ac11 elementor-widget elementor-widget-image\" data-id=\"339ac11\" data-element_type=\"widget\" data-e-type=\"widget\" data-widget_type=\"image.default\">\n\t\t\t\t<div class=\"elementor-widget-container\">\n\t\t\t\t\t\t\t\t\t\t\t\t\t\t\t<img fetchpriority=\"high\" decoding=\"async\" width=\"2048\" height=\"1365\" src=\"https:\/\/www.ctv-transport.com\/wp-content\/uploads\/2022\/05\/MVS_02082022_009-2048x1365.jpg\" class=\"attachment-2048x2048 size-2048x2048 wp-image-3214\" alt=\"\" srcset=\"https:\/\/www.ctv-transport.com\/wp-content\/uploads\/2022\/05\/MVS_02082022_009-2048x1365.jpg 2048w, https:\/\/www.ctv-transport.com\/wp-content\/uploads\/2022\/05\/MVS_02082022_009-300x200.jpg 300w, https:\/\/www.ctv-transport.com\/wp-content\/uploads\/2022\/05\/MVS_02082022_009-1024x683.jpg 1024w, https:\/\/www.ctv-transport.com\/wp-content\/uploads\/2022\/05\/MVS_02082022_009-768x512.jpg 768w, https:\/\/www.ctv-transport.com\/wp-content\/uploads\/2022\/05\/MVS_02082022_009-1536x1024.jpg 1536w, https:\/\/www.ctv-transport.com\/wp-content\/uploads\/2022\/05\/MVS_02082022_009-600x400.jpg 600w\" sizes=\"(max-width: 2048px) 100vw, 2048px\" \/>\t\t\t\t\t\t\t\t\t\t\t\t\t\t\t<\/div>\n\t\t\t\t<\/div>\n\t\t\t\t\t<\/div>\n\t\t<\/div>\n\t\t\t\t<div class=\"elementor-column elementor-col-50 elementor-top-column elementor-element elementor-element-4b04e7a\" data-id=\"4b04e7a\" data-element_type=\"column\" data-e-type=\"column\">\n\t\t\t<div class=\"elementor-widget-wrap elementor-element-populated\">\n\t\t\t\t\t\t<div class=\"elementor-element elementor-element-e15d83e elementor-widget elementor-widget-heading\" data-id=\"e15d83e\" data-element_type=\"widget\" data-e-type=\"widget\" data-widget_type=\"heading.default\">\n\t\t\t\t<div class=\"elementor-widget-container\">\n\t\t\t\t\t<h2 class=\"elementor-heading-title elementor-size-default\">\u00dcber CTV<\/h2>\t\t\t\t<\/div>\n\t\t\t\t<\/div>\n\t\t\t\t<div class=\"elementor-element elementor-element-b45d69f elementor-widget elementor-widget-heading\" data-id=\"b45d69f\" data-element_type=\"widget\" data-e-type=\"widget\" data-widget_type=\"heading.default\">\n\t\t\t\t<div class=\"elementor-widget-container\">\n\t\t\t\t\t<h2 class=\"elementor-heading-title elementor-size-default\">Unsere Mission<\/h2>\t\t\t\t<\/div>\n\t\t\t\t<\/div>\n\t\t\t\t<div class=\"elementor-element elementor-element-b061320 elementor-widget elementor-widget-text-editor\" data-id=\"b061320\" data-element_type=\"widget\" data-e-type=\"widget\" data-widget_type=\"text-editor.default\">\n\t\t\t\t<div class=\"elementor-widget-container\">\n\t\t\t\t\t\t\t\t\t<p>CTV wurde 1989 mit dem Ziel gegr\u00fcndet, Seecontainer auf der Stra\u00dfe in der Region Venlo zu transportieren. Einige Jahre sp\u00e4ter erweiterten wir unseren Horizont und begannen uns darauf zu spezialisieren, intermodale Transporte von den Seeh\u00e4fen anzubieten.<\/p>\n<p>Im Laufe der Jahre haben wir uns immer weiter auf den intermodalen Transport spezialisiert und sind zu dem gewachsen, was wir heute sind; ein innovativer und transparenter intermodaler Dienstleister mit Fokus auf Nachhaltigkeit und Qualit\u00e4t.<\/p>\n<p>CTV hat jetzt Niederlassungen in Venlo, Duisburg, Hamburg und Basel, wo wir Tag und Nacht zur Verf\u00fcgung stehen, um die am besten geeignete intermodale L\u00f6sung f\u00fcr Ihren Transport zu finden. Mit unseren einzigartigen und innovativen IT-Tools k\u00f6nnen wir Ihnen Echtzeit-Einblicke in Ihre eigenen Sendungen geben.<\/p>\t\t\t\t\t\t\t\t<\/div>\n\t\t\t\t<\/div>\n\t\t\t\t<div class=\"elementor-element elementor-element-daf4eb3 elementor-tablet-align-center elementor-widget__width-auto elementor-widget-tablet__width-initial elementor-widget elementor-widget-button\" data-id=\"daf4eb3\" data-element_type=\"widget\" data-e-type=\"widget\" data-widget_type=\"button.default\">\n\t\t\t\t<div class=\"elementor-widget-container\">\n\t\t\t\t\t\t\t\t\t<div class=\"elementor-button-wrapper\">\n\t\t\t\t\t<a class=\"elementor-button elementor-button-link elementor-size-sm\" href=\"https:\/\/www.ctv-transport.com\/ch\/kontakt\/\">\n\t\t\t\t\t\t<span class=\"elementor-button-content-wrapper\">\n\t\t\t\t\t\t<span class=\"elementor-button-icon\">\n\t\t\t\t<i aria-hidden=\"true\" class=\"fas fa-arrow-right\"><\/i>\t\t\t<\/span>\n\t\t\t\t\t\t\t\t\t<span class=\"elementor-button-text\">Kontaktiere uns<\/span>\n\t\t\t\t\t<\/span>\n\t\t\t\t\t<\/a>\n\t\t\t\t<\/div>\n\t\t\t\t\t\t\t\t<\/div>\n\t\t\t\t<\/div>\n\t\t\t\t\t<\/div>\n\t\t<\/div>\n\t\t\t\t\t<\/div>\n\t\t<\/section>\n\t\t\t\t<section class=\"elementor-section elementor-top-section elementor-element elementor-element-179713e elementor-section-full_width elementor-section-height-min-height elementor-section-height-default elementor-section-items-middle\" data-id=\"179713e\" data-element_type=\"section\" data-e-type=\"section\">\n\t\t\t\t\t\t<div class=\"elementor-container elementor-column-gap-default\">\n\t\t\t\t\t<div class=\"elementor-column elementor-col-100 elementor-top-column elementor-element elementor-element-dab1161\" data-id=\"dab1161\" data-element_type=\"column\" data-e-type=\"column\">\n\t\t\t<div class=\"elementor-widget-wrap elementor-element-populated\">\n\t\t\t\t\t\t<div class=\"elementor-element elementor-element-47f4287 elementor-widget elementor-widget-heading\" data-id=\"47f4287\" data-element_type=\"widget\" data-e-type=\"widget\" data-widget_type=\"heading.default\">\n\t\t\t\t<div class=\"elementor-widget-container\">\n\t\t\t\t\t<h2 class=\"elementor-heading-title elementor-size-default\">Worin wir gut sind<\/h2>\t\t\t\t<\/div>\n\t\t\t\t<\/div>\n\t\t\t\t<div class=\"elementor-element elementor-element-f053c6f elementor-widget elementor-widget-heading\" data-id=\"f053c6f\" data-element_type=\"widget\" data-e-type=\"widget\" data-widget_type=\"heading.default\">\n\t\t\t\t<div class=\"elementor-widget-container\">\n\t\t\t\t\t<h2 class=\"elementor-heading-title elementor-size-default\">Was uns auszeichnet<\/h2>\t\t\t\t<\/div>\n\t\t\t\t<\/div>\n\t\t\t\t\t<\/div>\n\t\t<\/div>\n\t\t\t\t\t<\/div>\n\t\t<\/section>\n\t\t\t\t<section class=\"elementor-section elementor-top-section elementor-element elementor-element-335ead7 elementor-section-boxed elementor-section-height-default elementor-section-height-default\" data-id=\"335ead7\" data-element_type=\"section\" data-e-type=\"section\">\n\t\t\t\t\t\t<div class=\"elementor-container elementor-column-gap-wider\">\n\t\t\t\t\t<div class=\"elementor-column elementor-col-50 elementor-top-column elementor-element elementor-element-26651a4\" data-id=\"26651a4\" data-element_type=\"column\" data-e-type=\"column\" data-settings=\"{&quot;background_background&quot;:&quot;classic&quot;}\">\n\t\t\t<div class=\"elementor-widget-wrap elementor-element-populated\">\n\t\t\t\t\t\t<div class=\"elementor-element elementor-element-d783a7b elementor-view-stacked elementor-shape-circle elementor-position-block-start elementor-mobile-position-block-start elementor-widget elementor-widget-icon-box\" data-id=\"d783a7b\" data-element_type=\"widget\" data-e-type=\"widget\" data-widget_type=\"icon-box.default\">\n\t\t\t\t<div class=\"elementor-widget-container\">\n\t\t\t\t\t\t\t<div class=\"elementor-icon-box-wrapper\">\n\n\t\t\t\t\t\t<div class=\"elementor-icon-box-icon\">\n\t\t\t\t<span  class=\"elementor-icon\">\n\t\t\t\t<i aria-hidden=\"true\" class=\"flaticonv7 flaticonv7-worldwide\"><\/i>\t\t\t\t<\/span>\n\t\t\t<\/div>\n\t\t\t\n\t\t\t\t\t\t<div class=\"elementor-icon-box-content\">\n\n\t\t\t\t\t\t\t\t\t<h3 class=\"elementor-icon-box-title\">\n\t\t\t\t\t\t<span  >\n\t\t\t\t\t\t\tNachhaltigkeit\t\t\t\t\t\t<\/span>\n\t\t\t\t\t<\/h3>\n\t\t\t\t\n\t\t\t\t\t\t\t\t\t<p class=\"elementor-icon-box-description\">\n\t\t\t\t\t\tCTV arbeitet seit Jahren an Nachhaltigkeit, indem es versucht, den CO2-Fu\u00dfabdruck mit intermodalen Transportl\u00f6sungen zu reduzieren. Unser Ziel ist es, den gr\u00f6\u00dften Teil der Transporte per Bahn oder Binnenschiff durchzuf\u00fchren. Nur die letzten Kilometer bis zum Lager werden per LKW zur\u00fcckgelegt.  <br><br>\nUm die CO2-Emissionen auch auf den letzten Kilometern weiter zu reduzieren, haben wir 2020 den ersten E-LKW f\u00fcr den Containertransport in Empfang genommen! Dieser E-Lkw ist zu 100 % elektrisch und kann mit einer Reichweite von 150 km die letzte Meile vollst\u00e4ndig nachhaltig zur\u00fccklegen. Mit dem E-Lkw in Kombination mit unserem intermodalen Konzept bieten wir Ihnen die nachhaltigste Transportm\u00f6glichkeit!\n\t\t\t\t\t<\/p>\n\t\t\t\t\n\t\t\t<\/div>\n\t\t\t\n\t\t<\/div>\n\t\t\t\t\t\t<\/div>\n\t\t\t\t<\/div>\n\t\t\t\t\t<\/div>\n\t\t<\/div>\n\t\t\t\t<div class=\"elementor-column elementor-col-50 elementor-top-column elementor-element elementor-element-de8a242\" data-id=\"de8a242\" data-element_type=\"column\" data-e-type=\"column\" data-settings=\"{&quot;background_background&quot;:&quot;classic&quot;}\">\n\t\t\t<div class=\"elementor-widget-wrap elementor-element-populated\">\n\t\t\t\t\t\t<div class=\"elementor-element elementor-element-6de09d0 elementor-view-stacked elementor-shape-circle elementor-position-block-start elementor-mobile-position-block-start elementor-widget elementor-widget-icon-box\" data-id=\"6de09d0\" data-element_type=\"widget\" data-e-type=\"widget\" data-widget_type=\"icon-box.default\">\n\t\t\t\t<div class=\"elementor-widget-container\">\n\t\t\t\t\t\t\t<div class=\"elementor-icon-box-wrapper\">\n\n\t\t\t\t\t\t<div class=\"elementor-icon-box-icon\">\n\t\t\t\t<span  class=\"elementor-icon\">\n\t\t\t\t<i aria-hidden=\"true\" class=\"flaticonv7 flaticonv7-cloud\"><\/i>\t\t\t\t<\/span>\n\t\t\t<\/div>\n\t\t\t\n\t\t\t\t\t\t<div class=\"elementor-icon-box-content\">\n\n\t\t\t\t\t\t\t\t\t<h3 class=\"elementor-icon-box-title\">\n\t\t\t\t\t\t<span  >\n\t\t\t\t\t\t\tIT-fokussiert\t\t\t\t\t\t<\/span>\n\t\t\t\t\t<\/h3>\n\t\t\t\t\n\t\t\t\t\t\t\t\t\t<p class=\"elementor-icon-box-description\">\n\t\t\t\t\t\tIm Jahr 2020 begann CTV mit der Entwicklung eigener IT-Systeme, die vollst\u00e4ndig auf unsere Dienstleistungen abgestimmt sind. Die Entwicklung von Systemen im eigenen Haus hat uns die M\u00f6glichkeit gegeben, unsere \u201eout of the box\u201c-Ideen zu verwirklichen. So haben wir beispielsweise einen Control Tower entwickelt, mit dem Sie die Container auf der gesamten intermodalen Route \u00fcberwachen k\u00f6nnen.   <br><br>Alle unsere Fahrzeuge sind mit GPS ausgestattet, sodass wir Ihnen auch in Echtzeit Einblick in den Standort des Containers geben k\u00f6nnen. Dar\u00fcber hinaus kann der Control Tower Sie proaktiv vor dem Risiko m\u00f6glicher Zusatzkosten wie Detention-, Demurrage- und Storagekosten warnen. So haben Sie die volle Kontrolle und k\u00f6nnen Kosten vermeiden.  \t\t\t\t\t<\/p>\n\t\t\t\t\n\t\t\t<\/div>\n\t\t\t\n\t\t<\/div>\n\t\t\t\t\t\t<\/div>\n\t\t\t\t<\/div>\n\t\t\t\t\t<\/div>\n\t\t<\/div>\n\t\t\t\t\t<\/div>\n\t\t<\/section>\n\t\t\t\t<section class=\"elementor-section elementor-top-section elementor-element elementor-element-35f5b8a elementor-section-height-min-height elementor-section-boxed elementor-section-height-default elementor-section-items-middle\" data-id=\"35f5b8a\" data-element_type=\"section\" data-e-type=\"section\">\n\t\t\t\t\t\t<div class=\"elementor-container elementor-column-gap-extended\">\n\t\t\t\t\t<div class=\"elementor-column elementor-col-100 elementor-top-column elementor-element elementor-element-4c014b8\" data-id=\"4c014b8\" data-element_type=\"column\" data-e-type=\"column\">\n\t\t\t<div class=\"elementor-widget-wrap elementor-element-populated\">\n\t\t\t\t\t\t<div class=\"elementor-element elementor-element-dbe0fd4 elementor-widget elementor-widget-heading\" data-id=\"dbe0fd4\" data-element_type=\"widget\" data-e-type=\"widget\" data-widget_type=\"heading.default\">\n\t\t\t\t<div class=\"elementor-widget-container\">\n\t\t\t\t\t<h2 class=\"elementor-heading-title elementor-size-default\">Treffen Sie unser<\/h2>\t\t\t\t<\/div>\n\t\t\t\t<\/div>\n\t\t\t\t<div class=\"elementor-element elementor-element-72d589c elementor-widget elementor-widget-heading\" data-id=\"72d589c\" data-element_type=\"widget\" data-e-type=\"widget\" data-widget_type=\"heading.default\">\n\t\t\t\t<div class=\"elementor-widget-container\">\n\t\t\t\t\t<h2 class=\"elementor-heading-title elementor-size-default\">CTV Control Tower<\/h2>\t\t\t\t<\/div>\n\t\t\t\t<\/div>\n\t\t\t\t<div class=\"elementor-element elementor-element-1985d56 elementor-widget elementor-widget-video\" data-id=\"1985d56\" data-element_type=\"widget\" data-e-type=\"widget\" data-settings=\"{&quot;video_type&quot;:&quot;vimeo&quot;,&quot;autoplay&quot;:&quot;yes&quot;,&quot;mute&quot;:&quot;yes&quot;}\" data-widget_type=\"video.default\">\n\t\t\t\t<div class=\"elementor-widget-container\">\n\t\t\t\t\t\t\t<div class=\"elementor-wrapper elementor-open-inline\">\n\t\t\t<iframe class=\"elementor-video-iframe\" allowfullscreen allow=\"autoplay\" title=\"vimeo Video Player\" src=\"https:\/\/player.vimeo.com\/video\/823362273?autoplay=1&amp;color&amp;autopause=0&amp;loop=0&amp;muted=1&amp;title=0&amp;portrait=0&amp;byline=0#t=\"><\/iframe>\t\t<\/div>\n\t\t\t\t\t\t<\/div>\n\t\t\t\t<\/div>\n\t\t\t\t\t<\/div>\n\t\t<\/div>\n\t\t\t\t\t<\/div>\n\t\t<\/section>\n\t\t\t\t<\/div>\n\t\t","protected":false},"excerpt":{"rendered":"<p>\u00dcber uns Startseite &gt; \u00dcber uns \u00dcber CTV Unsere Mission CTV wurde 1989 mit dem Ziel gegr\u00fcndet, Seecontainer auf der Stra\u00dfe in der Region Venlo zu transportieren. Einige Jahre sp\u00e4ter erweiterten wir unseren Horizont und begannen uns darauf zu spezialisieren, intermodale Transporte von den Seeh\u00e4fen anzubieten. Im Laufe der Jahre haben wir uns immer weiter [&hellip;]<\/p>\n","protected":false},"author":6,"featured_media":0,"parent":0,"menu_order":0,"comment_status":"closed","ping_status":"closed","template":"tpl-default-elementor.php","meta":{"footnotes":""},"class_list":["post-8242","page","type-page","status-publish","hentry"],"_links":{"self":[{"href":"https:\/\/www.ctv-transport.com\/ch\/wp-json\/wp\/v2\/pages\/8242","targetHints":{"allow":["GET"]}}],"collection":[{"href":"https:\/\/www.ctv-transport.com\/ch\/wp-json\/wp\/v2\/pages"}],"about":[{"href":"https:\/\/www.ctv-transport.com\/ch\/wp-json\/wp\/v2\/types\/page"}],"author":[{"embeddable":true,"href":"https:\/\/www.ctv-transport.com\/ch\/wp-json\/wp\/v2\/users\/6"}],"replies":[{"embeddable":true,"href":"https:\/\/www.ctv-transport.com\/ch\/wp-json\/wp\/v2\/comments?post=8242"}],"version-history":[{"count":12,"href":"https:\/\/www.ctv-transport.com\/ch\/wp-json\/wp\/v2\/pages\/8242\/revisions"}],"predecessor-version":[{"id":9606,"href":"https:\/\/www.ctv-transport.com\/ch\/wp-json\/wp\/v2\/pages\/8242\/revisions\/9606"}],"wp:attachment":[{"href":"https:\/\/www.ctv-transport.com\/ch\/wp-json\/wp\/v2\/media?parent=8242"}],"curies":[{"name":"wp","href":"https:\/\/api.w.org\/{rel}","templated":true}]}}